{"id":2416,"date":"2026-01-19T14:19:55","date_gmt":"2026-01-19T07:19:55","guid":{"rendered":"https:\/\/davilight.com\/?page_id=2416"},"modified":"2026-01-19T14:58:18","modified_gmt":"2026-01-19T07:58:18","slug":"danh-muc","status":"publish","type":"page","link":"https:\/\/davilight.com\/index.php\/danh-muc\/","title":{"rendered":"Danh m\u1ee5c"},"content":{"rendered":"\t\t<div data-elementor-type=\"wp-page\" data-elementor-id=\"2416\" class=\"elementor elementor-2416\" data-elementor-post-type=\"page\">\n\t\t\t\t<div class=\"elementor-element elementor-element-bd582c1 e-flex e-con-boxed e-con e-parent\" data-id=\"bd582c1\" data-element_type=\"container\" data-e-type=\"container\">\n\t\t\t\t\t<div class=\"e-con-inner\">\n\t\t\t\t<div class=\"elementor-element elementor-element-2776912 elementor-widget elementor-widget-wp-widget-woocommerce_product_categories\" data-id=\"2776912\" data-element_type=\"widget\" data-e-type=\"widget\" data-widget_type=\"wp-widget-woocommerce_product_categories.default\">\n\t\t\t\t<div class=\"elementor-widget-container\">\n\t\t\t\t\t<div class=\"woocommerce widget_product_categories\"><h5>Danh m\u1ee5c s\u1ea3n ph\u1ea9m<\/h5><select  name='product_cat' id='product_cat' class='dropdown_product_cat'>\n\t<option value='' selected='selected'>Ch\u1ecdn danh m\u1ee5c<\/option>\n\t<option class=\"level-0\" value=\"led-lighting\">\u0110\u00e8n d\u00e2n d\u1ee5ng&nbsp;&nbsp;(1)<\/option>\n\t<option class=\"level-0\" value=\"den-duong\">\u0110\u00e8n \u0111\u01b0\u1eddng&nbsp;&nbsp;(1)<\/option>\n\t<option class=\"level-0\" value=\"den-trang-tri\">\u0110\u00e8n Trang Tr\u00ed&nbsp;&nbsp;(2)<\/option>\n\t<option class=\"level-0\" value=\"led-davi\">Led davi light&nbsp;&nbsp;(3)<\/option>\n\t<option class=\"level-0\" value=\"tru-den\">Tr\u1ee5 \u0111\u00e8n&nbsp;&nbsp;(1)<\/option>\n<\/select>\n<\/div>\t\t\t\t<\/div>\n\t\t\t\t<\/div>\n\t\t\t\t\t<\/div>\n\t\t\t\t<\/div>\n\t\t\t\t<\/div>\n\t\t","protected":false},"excerpt":{"rendered":"","protected":false},"author":2,"featured_media":0,"parent":0,"menu_order":0,"comment_status":"closed","ping_status":"closed","template":"page-feature.php","meta":{"footnotes":""},"class_list":["post-2416","page","type-page","status-publish","hentry"],"jetpack_sharing_enabled":true,"_links":{"self":[{"href":"https:\/\/davilight.com\/index.php\/wp-json\/wp\/v2\/pages\/2416","targetHints":{"allow":["GET"]}}],"collection":[{"href":"https:\/\/davilight.com\/index.php\/wp-json\/wp\/v2\/pages"}],"about":[{"href":"https:\/\/davilight.com\/index.php\/wp-json\/wp\/v2\/types\/page"}],"author":[{"embeddable":true,"href":"https:\/\/davilight.com\/index.php\/wp-json\/wp\/v2\/users\/2"}],"replies":[{"embeddable":true,"href":"https:\/\/davilight.com\/index.php\/wp-json\/wp\/v2\/comments?post=2416"}],"version-history":[{"count":10,"href":"https:\/\/davilight.com\/index.php\/wp-json\/wp\/v2\/pages\/2416\/revisions"}],"predecessor-version":[{"id":2432,"href":"https:\/\/davilight.com\/index.php\/wp-json\/wp\/v2\/pages\/2416\/revisions\/2432"}],"wp:attachment":[{"href":"https:\/\/davilight.com\/index.php\/wp-json\/wp\/v2\/media?parent=2416"}],"curies":[{"name":"wp","href":"https:\/\/api.w.org\/{rel}","templated":true}]}}